{"id":48,"date":"2017-04-06T09:58:52","date_gmt":"2017-04-06T09:58:52","guid":{"rendered":"http:\/\/s331590279.mialojamiento.es\/laprovidencia\/?page_id=48"},"modified":"2017-04-20T16:48:13","modified_gmt":"2017-04-20T16:48:13","slug":"organizacion","status":"publish","type":"page","link":"https:\/\/hnlaprovidencia.es\/?page_id=48","title":{"rendered":"Organizaci\u00f3n"},"content":{"rendered":"<p>Equipo T\u00e9cnico: se encarga de canalizar y organizar las actividades y funcionamiento del Centro, siendo responsable de su buena gesti\u00f3n. Est\u00e1 formado por:<\/p>\n<p style=\"text-align: left;\">\u2022 Directora (miembro del Instituto)<br \/>\n\u2022 Gerente<br \/>\n\u2022 Psic\u00f3loga<br \/>\n\u2022 Jefe de Administraci\u00f3n<br \/>\n\u2022 Trabajadora Social<br \/>\n\u2022 Coordinadora de Residencia<br \/>\n\u2022 Responsable de gesti\u00f3n en proveedores y departamento de cocina (miembro del Instituto)<\/p>\n<p>&nbsp;<\/p>\n","protected":false},"excerpt":{"rendered":"<p>Equipo T\u00e9cnico: se encarga de canalizar y organizar las actividades y funcionamiento del Centro, siendo responsable de su buena gesti\u00f3n. Est\u00e1 formado por: \u2022 Directora (miembro del Instituto) \u2022 Gerente \u2022 Psic\u00f3loga \u2022 Jefe de Administraci\u00f3n \u2022 Trabajadora Social \u2022 Coordinadora de Residencia \u2022 Responsable de gesti\u00f3n en proveedores y departamento de cocina (miembro del <a href=\"https:\/\/hnlaprovidencia.es\/?page_id=48\" rel=\"nofollow\"><span class=\"sr-only\">Leer m\u00e1sOrganizaci\u00f3n<\/span>[&#8230;]<\/a><\/p>\n","protected":false},"author":6,"featured_media":0,"parent":0,"menu_order":0,"comment_status":"closed","ping_status":"closed","template":"template-fullwidth.php","meta":[],"yoast_head":"<!-- This site is optimized with the Yoast SEO plugin v19.11 - https:\/\/yoast.com\/wordpress\/plugins\/seo\/ -->\n<title>Organizaci\u00f3n - HN - La Providencia<\/title>\n<meta name=\"robots\" content=\"index, follow, max-snippet:-1, max-image-preview:large, max-video-preview:-1\" \/>\n<link rel=\"canonical\" href=\"https:\/\/hnlaprovidencia.es\/?page_id=48\" \/>\n<meta property=\"og:locale\" content=\"es_ES\" \/>\n<meta property=\"og:type\" content=\"article\" \/>\n<meta property=\"og:title\" content=\"Organizaci\u00f3n - HN - La Providencia\" \/>\n<meta property=\"og:description\" content=\"Equipo T\u00e9cnico: se encarga de canalizar y organizar las actividades y funcionamiento del Centro, siendo responsable de su buena gesti\u00f3n. Est\u00e1 formado por: \u2022 Directora (miembro del Instituto) \u2022 Gerente \u2022 Psic\u00f3loga \u2022 Jefe de Administraci\u00f3n \u2022 Trabajadora Social \u2022 Coordinadora de Residencia \u2022 Responsable de gesti\u00f3n en proveedores y departamento de cocina (miembro del Leer m\u00e1sOrganizaci\u00f3n[...]\" \/>\n<meta property=\"og:url\" content=\"https:\/\/hnlaprovidencia.es\/?page_id=48\" \/>\n<meta property=\"og:site_name\" content=\"HN - La Providencia\" \/>\n<meta property=\"article:modified_time\" content=\"2017-04-20T16:48:13+00:00\" \/>\n<meta name=\"twitter:card\" content=\"summary_large_image\" \/>\n<script type=\"application\/ld+json\" class=\"yoast-schema-graph\">{\"@context\":\"https:\/\/schema.org\",\"@graph\":[{\"@type\":\"WebPage\",\"@id\":\"https:\/\/hnlaprovidencia.es\/?page_id=48\",\"url\":\"https:\/\/hnlaprovidencia.es\/?page_id=48\",\"name\":\"Organizaci\u00f3n - HN - La Providencia\",\"isPartOf\":{\"@id\":\"https:\/\/hnlaprovidencia.es\/#website\"},\"datePublished\":\"2017-04-06T09:58:52+00:00\",\"dateModified\":\"2017-04-20T16:48:13+00:00\",\"breadcrumb\":{\"@id\":\"https:\/\/hnlaprovidencia.es\/?page_id=48#breadcrumb\"},\"inLanguage\":\"es\",\"potentialAction\":[{\"@type\":\"ReadAction\",\"target\":[\"https:\/\/hnlaprovidencia.es\/?page_id=48\"]}]},{\"@type\":\"BreadcrumbList\",\"@id\":\"https:\/\/hnlaprovidencia.es\/?page_id=48#breadcrumb\",\"itemListElement\":[{\"@type\":\"ListItem\",\"position\":1,\"name\":\"Portada\",\"item\":\"https:\/\/hnlaprovidencia.es\/\"},{\"@type\":\"ListItem\",\"position\":2,\"name\":\"Organizaci\u00f3n\"}]},{\"@type\":\"WebSite\",\"@id\":\"https:\/\/hnlaprovidencia.es\/#website\",\"url\":\"https:\/\/hnlaprovidencia.es\/\",\"name\":\"HN - La Providencia\",\"description\":\"I.S. Hogar de Nazaret\",\"potentialAction\":[{\"@type\":\"SearchAction\",\"target\":{\"@type\":\"EntryPoint\",\"urlTemplate\":\"https:\/\/hnlaprovidencia.es\/?s={search_term_string}\"},\"query-input\":\"required name=search_term_string\"}],\"inLanguage\":\"es\"}]}<\/script>\n<!-- \/ Yoast SEO plugin. -->","yoast_head_json":{"title":"Organizaci\u00f3n - HN - La Providencia","robots":{"index":"index","follow":"follow","max-snippet":"max-snippet:-1","max-image-preview":"max-image-preview:large","max-video-preview":"max-video-preview:-1"},"canonical":"https:\/\/hnlaprovidencia.es\/?page_id=48","og_locale":"es_ES","og_type":"article","og_title":"Organizaci\u00f3n - HN - La Providencia","og_description":"Equipo T\u00e9cnico: se encarga de canalizar y organizar las actividades y funcionamiento del Centro, siendo responsable de su buena gesti\u00f3n. Est\u00e1 formado por: \u2022 Directora (miembro del Instituto) \u2022 Gerente \u2022 Psic\u00f3loga \u2022 Jefe de Administraci\u00f3n \u2022 Trabajadora Social \u2022 Coordinadora de Residencia \u2022 Responsable de gesti\u00f3n en proveedores y departamento de cocina (miembro del Leer m\u00e1sOrganizaci\u00f3n[...]","og_url":"https:\/\/hnlaprovidencia.es\/?page_id=48","og_site_name":"HN - La Providencia","article_modified_time":"2017-04-20T16:48:13+00:00","twitter_card":"summary_large_image","schema":{"@context":"https:\/\/schema.org","@graph":[{"@type":"WebPage","@id":"https:\/\/hnlaprovidencia.es\/?page_id=48","url":"https:\/\/hnlaprovidencia.es\/?page_id=48","name":"Organizaci\u00f3n - HN - La Providencia","isPartOf":{"@id":"https:\/\/hnlaprovidencia.es\/#website"},"datePublished":"2017-04-06T09:58:52+00:00","dateModified":"2017-04-20T16:48:13+00:00","breadcrumb":{"@id":"https:\/\/hnlaprovidencia.es\/?page_id=48#breadcrumb"},"inLanguage":"es","potentialAction":[{"@type":"ReadAction","target":["https:\/\/hnlaprovidencia.es\/?page_id=48"]}]},{"@type":"BreadcrumbList","@id":"https:\/\/hnlaprovidencia.es\/?page_id=48#breadcrumb","itemListElement":[{"@type":"ListItem","position":1,"name":"Portada","item":"https:\/\/hnlaprovidencia.es\/"},{"@type":"ListItem","position":2,"name":"Organizaci\u00f3n"}]},{"@type":"WebSite","@id":"https:\/\/hnlaprovidencia.es\/#website","url":"https:\/\/hnlaprovidencia.es\/","name":"HN - La Providencia","description":"I.S. Hogar de Nazaret","potentialAction":[{"@type":"SearchAction","target":{"@type":"EntryPoint","urlTemplate":"https:\/\/hnlaprovidencia.es\/?s={search_term_string}"},"query-input":"required name=search_term_string"}],"inLanguage":"es"}]}},"_links":{"self":[{"href":"https:\/\/hnlaprovidencia.es\/index.php?rest_route=\/wp\/v2\/pages\/48"}],"collection":[{"href":"https:\/\/hnlaprovidencia.es\/index.php?rest_route=\/wp\/v2\/pages"}],"about":[{"href":"https:\/\/hnlaprovidencia.es\/index.php?rest_route=\/wp\/v2\/types\/page"}],"author":[{"embeddable":true,"href":"https:\/\/hnlaprovidencia.es\/index.php?rest_route=\/wp\/v2\/users\/6"}],"replies":[{"embeddable":true,"href":"https:\/\/hnlaprovidencia.es\/index.php?rest_route=%2Fwp%2Fv2%2Fcomments&post=48"}],"version-history":[{"count":5,"href":"https:\/\/hnlaprovidencia.es\/index.php?rest_route=\/wp\/v2\/pages\/48\/revisions"}],"predecessor-version":[{"id":144,"href":"https:\/\/hnlaprovidencia.es\/index.php?rest_route=\/wp\/v2\/pages\/48\/revisions\/144"}],"wp:attachment":[{"href":"https:\/\/hnlaprovidencia.es\/index.php?rest_route=%2Fwp%2Fv2%2Fmedia&parent=48"}],"curies":[{"name":"wp","href":"https:\/\/api.w.org\/{rel}","templated":true}]}}