{"id":19,"date":"2017-04-06T08:59:08","date_gmt":"2017-04-06T08:59:08","guid":{"rendered":"http:\/\/s331590279.mialojamiento.es\/laprovidencia\/?page_id=19"},"modified":"2017-04-20T16:47:23","modified_gmt":"2017-04-20T16:47:23","slug":"historia","status":"publish","type":"page","link":"https:\/\/hnlaprovidencia.es\/?page_id=19","title":{"rendered":"Historia"},"content":{"rendered":"<h2>D. LU\u00cdS ZAMBRANO<\/h2>\n<p><img decoding=\"async\" loading=\"lazy\" class=\"alignleft wp-image-55 size-medium\" src=\"http:\/\/s331590279.mialojamiento.es\/laprovidencia\/wp-content\/uploads\/2017\/04\/1-luiszambrano-300x186.jpg\" alt=\"\" width=\"300\" height=\"186\" srcset=\"https:\/\/hnlaprovidencia.es\/wp-content\/uploads\/2017\/04\/1-luiszambrano-300x186.jpg 300w, https:\/\/hnlaprovidencia.es\/wp-content\/uploads\/2017\/04\/1-luiszambrano.jpg 622w\" sizes=\"(max-width: 300px) 100vw, 300px\" \/><\/p>\n<p>Don Lu\u00eds Zambrano naci\u00f3 el 23 de Diciembre de 1909 en Fuente del Maestre (Badajoz). Sus padres se llamaban Josefa y Antonio. A una edad muy temprana ingres\u00e1 en el en el Colegio Diocesano de Badajoz, donde ya se encontraba su hermano Jos\u00e9 y por el cual sent\u00eda envidia sana por su situaci\u00e1n dentro del Seminario.<\/p>\n<p>Fund\u00f3 nuestro colegio despu\u00e9s de haber estado como sacerdote en diferentes pueblos de Extremadura como Olivenza o Almendral. Todos los alumnos lo recordamos con mucho cari\u00f1o. Falleci\u00e1 el 14 de Febrero en Badajoz. Estamos esperanzados en que pronto ser\u00e1 elevado a los altares.<\/p>\n<p>&nbsp;<\/p>\n<h2>MAR\u00cdA GRAJERA<\/h2>\n<p>Mar\u00eda Grajera fue durante m\u00e1s de 60 a\u00f1os Directora General del Instituto Secular Hogar de Nazaret. Esta instituci\u00f3n, que en la actualidad cuenta con cerca de 60 miembros, fue fundada en las navidades de 1935 en Ribera del Fresno por el sacerdote don Luis Zambrano Blanco. Fue precisamente el 25 de diciembre de ese a\u00f1o cuando Mar\u00eda Grajera se consagr\u00f3 como primer miembro de dicho instituto secular, entonces P\u00eda Uni\u00f3n.<\/p>\n<p>El Hogar de Nazaret naci\u00f3 como instrumento para ayudar en la vida de las parroquias, tanto en lo referente a la vida pastoral (catequesis, enfermos&#8230;) como en el cuidado <img decoding=\"async\" loading=\"lazy\" class=\" wp-image-139 alignright\" src=\"http:\/\/s331590279.mialojamiento.es\/laprovidencia\/wp-content\/uploads\/2017\/04\/mariadolores.jpg\" alt=\"\" width=\"321\" height=\"240\" \/>de los templos y adem\u00e1s, para la atenci\u00f3n a los j\u00f3venes y los ni\u00f1os. Hoy trabaja en todos esos campos y, tambi\u00e9n con ancianos, en el mundo de la docencia en el colegio Santa Teresa y con discapacitados ps\u00edquicos en el colegio de la Luz y en la casa de la Providencia de Ribera del Fresno.<\/p>\n<p>&nbsp;<\/p>\n<p>Siempre con don Luis Fue precisamente esa localidad la que viera nacer a Mar\u00eda Grajera el 15 de septiembre de 1910. Desde el principio fue estrecha colaboradora de don Luis Zambrano en su obra. Con \u00e9l trabaj\u00f3 volcada en la parroquia, comedores para gente necesitada, centros para personas discapacitadas. Gracias a su trabajo incansable, su celo apost\u00f3lico y su amor a la Iglesia, acompa\u00f1ando a don Luis Zambrano, el Hogar de Nazaret se extendi\u00f3 a otras localidades de la di\u00f3cesis e, incluso, fuera de ella: Lob\u00f3n, Almendral, Olivenza, Badajoz, Salamanca, La Coru\u00f1a, Santiago de Compostela, L\u00e9rida, Brozas y C\u00e1ceres.<\/p>\n<h3>Despedida multitudinaria<\/h3>\n<p>Prueba del carisma de esta mujer es que el domingo se quedaba much\u00edsima gente fuera del templo de San Juan Bautista de Badajoz, donde se celebr\u00f3 el entierro, presidido por el Arzobispo de M\u00e9rida-Badajoz, Monse\u00f1or Santiago Garc\u00eda Aracil, que estuvo acompa\u00f1ado por el Arzobispo em\u00e9rito, Monse\u00f1or Antonio Montero y casi 60 sacerdotes. En el funeral se dieron cita gente de toda condici\u00f3n y clase social, desde el Presidente de la Junta o el Director General de Caja Badajoz, hasta personas de extracci\u00f3n humilde de la ciudad y de los pueblos en los que la instituci\u00f3n que presidi\u00f3 tiene presencia.<\/p>\n<h3>Figura singular<\/h3>\n<p>En la homil\u00eda Monse\u00f1or Antonio Montero resalt\u00f3 la figura y dedicaci\u00f3n de Mar\u00eda Grajera en su larga vida y fruct\u00edfera labor en el seno de la Iglesia. Por su parte, la actual directora general, Mar\u00eda Jos\u00e9 Ant\u00fanez la calific\u00f3 como \u00abintr\u00e9pida, inteligente y pr\u00e1ctica; luchadora y ap\u00f3stol incansable; fuerte de naturaleza que ha gastado su existencia en el servicio a la Iglesia, a la que amaba con pasi\u00f3n\u00bb. Tras el funeral, fue trasladada a la parroquia de Ribera del Fresno, donde sobre las 20,00 horas, don Antonio Montero presidi\u00f3 una celebraci\u00f3n de la Palabra en un templo abarrotado de fieles, donde se le dio el \u00faltimo adi\u00f3s antes de ser depositada en el pante\u00f3n familiar.<\/p>\n<p>&nbsp;<\/p>\n<h2>LA PROVIDENCIA<\/h2>\n<p><img decoding=\"async\" loading=\"lazy\" class=\" wp-image-57 alignleft\" src=\"http:\/\/s331590279.mialojamiento.es\/laprovidencia\/wp-content\/uploads\/2017\/04\/3-laprovidencia.png\" alt=\"\" width=\"727\" height=\"339\" srcset=\"https:\/\/hnlaprovidencia.es\/wp-content\/uploads\/2017\/04\/3-laprovidencia.png 766w, https:\/\/hnlaprovidencia.es\/wp-content\/uploads\/2017\/04\/3-laprovidencia-300x140.png 300w\" sizes=\"(max-width: 727px) 100vw, 727px\" \/>Su nacimiento se remonta a 1941, a\u00f1os dif\u00edciles cuando en Ribera del Fresno, como en todos los pueblos, hab\u00eda mucha gente pobre, no solo material, sino tambi\u00e9n en lo intelectual. La Instituci\u00f3n Hogar de Nazaret, que ya exist\u00eda por esa fecha en esta localidad, vio la necesidad de atender a estas personas indefensas y la asumi\u00f3.<\/p>\n<p>Primero comenz\u00f3 en una casa grande prestada, con unos dormitorios corridos. Era todo muy casero y muy familiar y todo a nivel asistencial. Se manten\u00edan de los que tra\u00edan la gente del pueblo: aceite, pan y sobre todo confiando en la Providencia divina, de ah\u00ed que este Centro mantenga este nombre. En 1982 se termin\u00f3 de construir el actual edificio que est\u00e1 situado en la calle La Providencia, 3 en Ribera del Fresno.<\/p>\n","protected":false},"excerpt":{"rendered":"<p>D. LU\u00cdS ZAMBRANO Don Lu\u00eds Zambrano naci\u00f3 el 23 de Diciembre de 1909 en Fuente del Maestre (Badajoz). Sus padres se llamaban Josefa y Antonio. A una edad muy temprana ingres\u00e1 en el en el Colegio Diocesano de Badajoz, donde ya se encontraba su hermano Jos\u00e9 y por el cual sent\u00eda envidia sana por su <a href=\"https:\/\/hnlaprovidencia.es\/?page_id=19\" rel=\"nofollow\"><span class=\"sr-only\">Leer m\u00e1sHistoria<\/span>[&#8230;]<\/a><\/p>\n","protected":false},"author":6,"featured_media":0,"parent":0,"menu_order":0,"comment_status":"closed","ping_status":"closed","template":"template-fullwidth.php","meta":[],"yoast_head":"<!-- This site is optimized with the Yoast SEO plugin v19.11 - https:\/\/yoast.com\/wordpress\/plugins\/seo\/ -->\n<title>Historia - HN - La Providencia<\/title>\n<meta name=\"robots\" content=\"index, follow, max-snippet:-1, max-image-preview:large, max-video-preview:-1\" \/>\n<link rel=\"canonical\" href=\"https:\/\/hnlaprovidencia.es\/?page_id=19\" \/>\n<meta property=\"og:locale\" content=\"es_ES\" \/>\n<meta property=\"og:type\" content=\"article\" \/>\n<meta property=\"og:title\" content=\"Historia - HN - La Providencia\" \/>\n<meta property=\"og:description\" content=\"D. LU\u00cdS ZAMBRANO Don Lu\u00eds Zambrano naci\u00f3 el 23 de Diciembre de 1909 en Fuente del Maestre (Badajoz). Sus padres se llamaban Josefa y Antonio. A una edad muy temprana ingres\u00e1 en el en el Colegio Diocesano de Badajoz, donde ya se encontraba su hermano Jos\u00e9 y por el cual sent\u00eda envidia sana por su Leer m\u00e1sHistoria[...]\" \/>\n<meta property=\"og:url\" content=\"https:\/\/hnlaprovidencia.es\/?page_id=19\" \/>\n<meta property=\"og:site_name\" content=\"HN - La Providencia\" \/>\n<meta property=\"article:modified_time\" content=\"2017-04-20T16:47:23+00:00\" \/>\n<meta property=\"og:image\" content=\"http:\/\/s331590279.mialojamiento.es\/laprovidencia\/wp-content\/uploads\/2017\/04\/1-luiszambrano-300x186.jpg\" \/>\n<meta name=\"twitter:card\" content=\"summary_large_image\" \/>\n<meta name=\"twitter:label1\" content=\"Tiempo de lectura\" \/>\n\t<meta name=\"twitter:data1\" content=\"4 minutos\" \/>\n<script type=\"application\/ld+json\" class=\"yoast-schema-graph\">{\"@context\":\"https:\/\/schema.org\",\"@graph\":[{\"@type\":\"WebPage\",\"@id\":\"https:\/\/hnlaprovidencia.es\/?page_id=19\",\"url\":\"https:\/\/hnlaprovidencia.es\/?page_id=19\",\"name\":\"Historia - HN - La Providencia\",\"isPartOf\":{\"@id\":\"https:\/\/hnlaprovidencia.es\/#website\"},\"datePublished\":\"2017-04-06T08:59:08+00:00\",\"dateModified\":\"2017-04-20T16:47:23+00:00\",\"breadcrumb\":{\"@id\":\"https:\/\/hnlaprovidencia.es\/?page_id=19#breadcrumb\"},\"inLanguage\":\"es\",\"potentialAction\":[{\"@type\":\"ReadAction\",\"target\":[\"https:\/\/hnlaprovidencia.es\/?page_id=19\"]}]},{\"@type\":\"BreadcrumbList\",\"@id\":\"https:\/\/hnlaprovidencia.es\/?page_id=19#breadcrumb\",\"itemListElement\":[{\"@type\":\"ListItem\",\"position\":1,\"name\":\"Portada\",\"item\":\"https:\/\/hnlaprovidencia.es\/\"},{\"@type\":\"ListItem\",\"position\":2,\"name\":\"Historia\"}]},{\"@type\":\"WebSite\",\"@id\":\"https:\/\/hnlaprovidencia.es\/#website\",\"url\":\"https:\/\/hnlaprovidencia.es\/\",\"name\":\"HN - La Providencia\",\"description\":\"I.S. Hogar de Nazaret\",\"potentialAction\":[{\"@type\":\"SearchAction\",\"target\":{\"@type\":\"EntryPoint\",\"urlTemplate\":\"https:\/\/hnlaprovidencia.es\/?s={search_term_string}\"},\"query-input\":\"required name=search_term_string\"}],\"inLanguage\":\"es\"}]}<\/script>\n<!-- \/ Yoast SEO plugin. -->","yoast_head_json":{"title":"Historia - HN - La Providencia","robots":{"index":"index","follow":"follow","max-snippet":"max-snippet:-1","max-image-preview":"max-image-preview:large","max-video-preview":"max-video-preview:-1"},"canonical":"https:\/\/hnlaprovidencia.es\/?page_id=19","og_locale":"es_ES","og_type":"article","og_title":"Historia - HN - La Providencia","og_description":"D. LU\u00cdS ZAMBRANO Don Lu\u00eds Zambrano naci\u00f3 el 23 de Diciembre de 1909 en Fuente del Maestre (Badajoz). Sus padres se llamaban Josefa y Antonio. A una edad muy temprana ingres\u00e1 en el en el Colegio Diocesano de Badajoz, donde ya se encontraba su hermano Jos\u00e9 y por el cual sent\u00eda envidia sana por su Leer m\u00e1sHistoria[...]","og_url":"https:\/\/hnlaprovidencia.es\/?page_id=19","og_site_name":"HN - La Providencia","article_modified_time":"2017-04-20T16:47:23+00:00","og_image":[{"url":"http:\/\/s331590279.mialojamiento.es\/laprovidencia\/wp-content\/uploads\/2017\/04\/1-luiszambrano-300x186.jpg"}],"twitter_card":"summary_large_image","twitter_misc":{"Tiempo de lectura":"4 minutos"},"schema":{"@context":"https:\/\/schema.org","@graph":[{"@type":"WebPage","@id":"https:\/\/hnlaprovidencia.es\/?page_id=19","url":"https:\/\/hnlaprovidencia.es\/?page_id=19","name":"Historia - HN - La Providencia","isPartOf":{"@id":"https:\/\/hnlaprovidencia.es\/#website"},"datePublished":"2017-04-06T08:59:08+00:00","dateModified":"2017-04-20T16:47:23+00:00","breadcrumb":{"@id":"https:\/\/hnlaprovidencia.es\/?page_id=19#breadcrumb"},"inLanguage":"es","potentialAction":[{"@type":"ReadAction","target":["https:\/\/hnlaprovidencia.es\/?page_id=19"]}]},{"@type":"BreadcrumbList","@id":"https:\/\/hnlaprovidencia.es\/?page_id=19#breadcrumb","itemListElement":[{"@type":"ListItem","position":1,"name":"Portada","item":"https:\/\/hnlaprovidencia.es\/"},{"@type":"ListItem","position":2,"name":"Historia"}]},{"@type":"WebSite","@id":"https:\/\/hnlaprovidencia.es\/#website","url":"https:\/\/hnlaprovidencia.es\/","name":"HN - La Providencia","description":"I.S. Hogar de Nazaret","potentialAction":[{"@type":"SearchAction","target":{"@type":"EntryPoint","urlTemplate":"https:\/\/hnlaprovidencia.es\/?s={search_term_string}"},"query-input":"required name=search_term_string"}],"inLanguage":"es"}]}},"_links":{"self":[{"href":"https:\/\/hnlaprovidencia.es\/index.php?rest_route=\/wp\/v2\/pages\/19"}],"collection":[{"href":"https:\/\/hnlaprovidencia.es\/index.php?rest_route=\/wp\/v2\/pages"}],"about":[{"href":"https:\/\/hnlaprovidencia.es\/index.php?rest_route=\/wp\/v2\/types\/page"}],"author":[{"embeddable":true,"href":"https:\/\/hnlaprovidencia.es\/index.php?rest_route=\/wp\/v2\/users\/6"}],"replies":[{"embeddable":true,"href":"https:\/\/hnlaprovidencia.es\/index.php?rest_route=%2Fwp%2Fv2%2Fcomments&post=19"}],"version-history":[{"count":14,"href":"https:\/\/hnlaprovidencia.es\/index.php?rest_route=\/wp\/v2\/pages\/19\/revisions"}],"predecessor-version":[{"id":143,"href":"https:\/\/hnlaprovidencia.es\/index.php?rest_route=\/wp\/v2\/pages\/19\/revisions\/143"}],"wp:attachment":[{"href":"https:\/\/hnlaprovidencia.es\/index.php?rest_route=%2Fwp%2Fv2%2Fmedia&parent=19"}],"curies":[{"name":"wp","href":"https:\/\/api.w.org\/{rel}","templated":true}]}}