{"id":15,"date":"2017-04-06T08:59:08","date_gmt":"2017-04-06T08:59:08","guid":{"rendered":"http:\/\/s331590279.mialojamiento.es\/laprovidencia\/?page_id=15"},"modified":"2017-04-19T08:30:43","modified_gmt":"2017-04-19T08:30:43","slug":"nuestros-hogares","status":"publish","type":"page","link":"https:\/\/hnlaprovidencia.es\/?page_id=15","title":{"rendered":"Nuestros hogares"},"content":{"rendered":"<h2>Breve Rese\u00f1a<\/h2>\n<p>El Instituto Secular Hogar de Nazaret es un Instituto femenino de derecho diocesano, fundado por el Sacerdote D. Lu\u00eds Zambrano Blanco, que se rige por las leyes de la Iglesia. En cuanto Instituto de Vida Consagrada es una forma estable de vivir, en la cual sus miembros, por la profesi\u00f3n de los consejos evang\u00e9licos, siguen m\u00e1s de cerca a Cristo y se dedican totalmente a Dios entregadas a su Gloria, a la edificaci\u00f3n de la Iglesia y a la salvaci\u00f3n del mundo.<\/p>\n<p>En cuanto Instituto Secular, es una Instituci\u00f3n en la que sus miembros, viviendo en el mundo, ya solos, ya con su propia familia, ya en grupos de vida fraterna, se dedican a procurar la santificaci\u00f3n del mundo, viviendo dentro de \u00e9l. El instrumento t\u00edpico de su carisma son los \u201cHogares\u201d, casas sencillas y amplias donde residen los miembros del Instituto, mujeres consagradas con nombre y apellidos, que acogen los mismo a ni\u00f1os y ancianos, como miembros de la familia; pero son ante todo punto de encuentro para las fuerzas viv\u00edas de la Parroquia, foco animador de todo lo que bulle en ella. Tiene un cariz parroquial, abierto a la amplia realidad de la misi\u00f3n de la Iglesia; apostolado espec\u00edfico parroquial, educaci\u00f3n y formaci\u00f3n cristiana y servicios a los m\u00e1s pobres: marginados sociales, discapacitados f\u00edsicos, ps\u00edquicos e intelectuales, emigrantes, ancianos\u2026<\/p>\n<h2>Nuestros Hogares<\/h2>\n<p style=\"text-align: left;\">Directorio de la Instituci\u00f3n:<\/p>\n<p style=\"text-align: left;\">\u2022 ALMENDRAL: Parroquias<br \/>\n\u2022 BADAJOZ: Parroquias, Ense\u00f1anza, Acci\u00f3n Social.<br \/>\n\u2022 BROZAS: Ancianos<br \/>\n\u2022 FUENTE DEL MAESTRE: Parroquia<br \/>\n\u2022 LLERENA: Parroquia, Pastoral de la Salud<br \/>\n\u2022 LOBON: Parroquia, ense\u00f1anza p\u00fablica<br \/>\n\u2022 OLIVENZA: Parroquia, Menores.<br \/>\n\u2022 RIBERA DEL FRESNO: Parroquias, Discapacitados<br \/>\n\u2022 SALAMANCA: Emigrantes<br \/>\n\u2022 SANTIAGO DE COMPOSTELA: Parroquia, Colaboraci\u00f3n Diocesana<br \/>\n\u2022 LA CORU\u00d1A: Parroquia<\/p>\n<h2>Publicaciones<\/h2>\n<p>Revistas A.S.P.R.O.V.I.D<br \/>\n\u2022 Boletines trimestrales Instituci\u00f3n y ASPROVID<br \/>\n\u2022 Art\u00edculos<\/p>\n","protected":false},"excerpt":{"rendered":"<p>Breve Rese\u00f1a El Instituto Secular Hogar de Nazaret es un Instituto femenino de derecho diocesano, fundado por el Sacerdote D. Lu\u00eds Zambrano Blanco, que se rige por las leyes de la Iglesia. En cuanto Instituto de Vida Consagrada es una forma estable de vivir, en la cual sus miembros, por la profesi\u00f3n de los consejos <a href=\"https:\/\/hnlaprovidencia.es\/?page_id=15\" rel=\"nofollow\"><span class=\"sr-only\">Leer m\u00e1sNuestros hogares<\/span>[&#8230;]<\/a><\/p>\n","protected":false},"author":6,"featured_media":0,"parent":0,"menu_order":0,"comment_status":"closed","ping_status":"closed","template":"template-fullwidth.php","meta":[],"yoast_head":"<!-- This site is optimized with the Yoast SEO plugin v19.11 - https:\/\/yoast.com\/wordpress\/plugins\/seo\/ -->\n<title>Nuestros hogares - HN - La Providencia<\/title>\n<meta name=\"robots\" content=\"index, follow, max-snippet:-1, max-image-preview:large, max-video-preview:-1\" \/>\n<link rel=\"canonical\" href=\"https:\/\/hnlaprovidencia.es\/?page_id=15\" \/>\n<meta property=\"og:locale\" content=\"es_ES\" \/>\n<meta property=\"og:type\" content=\"article\" \/>\n<meta property=\"og:title\" content=\"Nuestros hogares - HN - La Providencia\" \/>\n<meta property=\"og:description\" content=\"Breve Rese\u00f1a El Instituto Secular Hogar de Nazaret es un Instituto femenino de derecho diocesano, fundado por el Sacerdote D. Lu\u00eds Zambrano Blanco, que se rige por las leyes de la Iglesia. En cuanto Instituto de Vida Consagrada es una forma estable de vivir, en la cual sus miembros, por la profesi\u00f3n de los consejos Leer m\u00e1sNuestros hogares[...]\" \/>\n<meta property=\"og:url\" content=\"https:\/\/hnlaprovidencia.es\/?page_id=15\" \/>\n<meta property=\"og:site_name\" content=\"HN - La Providencia\" \/>\n<meta property=\"article:modified_time\" content=\"2017-04-19T08:30:43+00:00\" \/>\n<meta name=\"twitter:card\" content=\"summary_large_image\" \/>\n<meta name=\"twitter:label1\" content=\"Tiempo de lectura\" \/>\n\t<meta name=\"twitter:data1\" content=\"2 minutos\" \/>\n<script type=\"application\/ld+json\" class=\"yoast-schema-graph\">{\"@context\":\"https:\/\/schema.org\",\"@graph\":[{\"@type\":\"WebPage\",\"@id\":\"https:\/\/hnlaprovidencia.es\/?page_id=15\",\"url\":\"https:\/\/hnlaprovidencia.es\/?page_id=15\",\"name\":\"Nuestros hogares - HN - La Providencia\",\"isPartOf\":{\"@id\":\"https:\/\/hnlaprovidencia.es\/#website\"},\"datePublished\":\"2017-04-06T08:59:08+00:00\",\"dateModified\":\"2017-04-19T08:30:43+00:00\",\"breadcrumb\":{\"@id\":\"https:\/\/hnlaprovidencia.es\/?page_id=15#breadcrumb\"},\"inLanguage\":\"es\",\"potentialAction\":[{\"@type\":\"ReadAction\",\"target\":[\"https:\/\/hnlaprovidencia.es\/?page_id=15\"]}]},{\"@type\":\"BreadcrumbList\",\"@id\":\"https:\/\/hnlaprovidencia.es\/?page_id=15#breadcrumb\",\"itemListElement\":[{\"@type\":\"ListItem\",\"position\":1,\"name\":\"Portada\",\"item\":\"https:\/\/hnlaprovidencia.es\/\"},{\"@type\":\"ListItem\",\"position\":2,\"name\":\"Nuestros hogares\"}]},{\"@type\":\"WebSite\",\"@id\":\"https:\/\/hnlaprovidencia.es\/#website\",\"url\":\"https:\/\/hnlaprovidencia.es\/\",\"name\":\"HN - La Providencia\",\"description\":\"I.S. Hogar de Nazaret\",\"potentialAction\":[{\"@type\":\"SearchAction\",\"target\":{\"@type\":\"EntryPoint\",\"urlTemplate\":\"https:\/\/hnlaprovidencia.es\/?s={search_term_string}\"},\"query-input\":\"required name=search_term_string\"}],\"inLanguage\":\"es\"}]}<\/script>\n<!-- \/ Yoast SEO plugin. -->","yoast_head_json":{"title":"Nuestros hogares - HN - La Providencia","robots":{"index":"index","follow":"follow","max-snippet":"max-snippet:-1","max-image-preview":"max-image-preview:large","max-video-preview":"max-video-preview:-1"},"canonical":"https:\/\/hnlaprovidencia.es\/?page_id=15","og_locale":"es_ES","og_type":"article","og_title":"Nuestros hogares - HN - La Providencia","og_description":"Breve Rese\u00f1a El Instituto Secular Hogar de Nazaret es un Instituto femenino de derecho diocesano, fundado por el Sacerdote D. Lu\u00eds Zambrano Blanco, que se rige por las leyes de la Iglesia. En cuanto Instituto de Vida Consagrada es una forma estable de vivir, en la cual sus miembros, por la profesi\u00f3n de los consejos Leer m\u00e1sNuestros hogares[...]","og_url":"https:\/\/hnlaprovidencia.es\/?page_id=15","og_site_name":"HN - La Providencia","article_modified_time":"2017-04-19T08:30:43+00:00","twitter_card":"summary_large_image","twitter_misc":{"Tiempo de lectura":"2 minutos"},"schema":{"@context":"https:\/\/schema.org","@graph":[{"@type":"WebPage","@id":"https:\/\/hnlaprovidencia.es\/?page_id=15","url":"https:\/\/hnlaprovidencia.es\/?page_id=15","name":"Nuestros hogares - HN - La Providencia","isPartOf":{"@id":"https:\/\/hnlaprovidencia.es\/#website"},"datePublished":"2017-04-06T08:59:08+00:00","dateModified":"2017-04-19T08:30:43+00:00","breadcrumb":{"@id":"https:\/\/hnlaprovidencia.es\/?page_id=15#breadcrumb"},"inLanguage":"es","potentialAction":[{"@type":"ReadAction","target":["https:\/\/hnlaprovidencia.es\/?page_id=15"]}]},{"@type":"BreadcrumbList","@id":"https:\/\/hnlaprovidencia.es\/?page_id=15#breadcrumb","itemListElement":[{"@type":"ListItem","position":1,"name":"Portada","item":"https:\/\/hnlaprovidencia.es\/"},{"@type":"ListItem","position":2,"name":"Nuestros hogares"}]},{"@type":"WebSite","@id":"https:\/\/hnlaprovidencia.es\/#website","url":"https:\/\/hnlaprovidencia.es\/","name":"HN - La Providencia","description":"I.S. Hogar de Nazaret","potentialAction":[{"@type":"SearchAction","target":{"@type":"EntryPoint","urlTemplate":"https:\/\/hnlaprovidencia.es\/?s={search_term_string}"},"query-input":"required name=search_term_string"}],"inLanguage":"es"}]}},"_links":{"self":[{"href":"https:\/\/hnlaprovidencia.es\/index.php?rest_route=\/wp\/v2\/pages\/15"}],"collection":[{"href":"https:\/\/hnlaprovidencia.es\/index.php?rest_route=\/wp\/v2\/pages"}],"about":[{"href":"https:\/\/hnlaprovidencia.es\/index.php?rest_route=\/wp\/v2\/types\/page"}],"author":[{"embeddable":true,"href":"https:\/\/hnlaprovidencia.es\/index.php?rest_route=\/wp\/v2\/users\/6"}],"replies":[{"embeddable":true,"href":"https:\/\/hnlaprovidencia.es\/index.php?rest_route=%2Fwp%2Fv2%2Fcomments&post=15"}],"version-history":[{"count":4,"href":"https:\/\/hnlaprovidencia.es\/index.php?rest_route=\/wp\/v2\/pages\/15\/revisions"}],"predecessor-version":[{"id":105,"href":"https:\/\/hnlaprovidencia.es\/index.php?rest_route=\/wp\/v2\/pages\/15\/revisions\/105"}],"wp:attachment":[{"href":"https:\/\/hnlaprovidencia.es\/index.php?rest_route=%2Fwp%2Fv2%2Fmedia&parent=15"}],"curies":[{"name":"wp","href":"https:\/\/api.w.org\/{rel}","templated":true}]}}