{"id":14,"date":"2017-04-06T08:59:07","date_gmt":"2017-04-06T08:59:07","guid":{"rendered":"http:\/\/s331590279.mialojamiento.es\/laprovidencia\/?page_id=14"},"modified":"2017-04-19T08:29:11","modified_gmt":"2017-04-19T08:29:11","slug":"servicios","status":"publish","type":"page","link":"https:\/\/hnlaprovidencia.es\/?page_id=14","title":{"rendered":"Servicios"},"content":{"rendered":"<h2>RESIDENCIA DE APOYO LIMITADO -RAL-<\/h2>\n<p>Es un servicio destinado a la atenci\u00f3n de personas con discapacidad con necesidades de apoyo intermitente o limitado, y con cierta autonom\u00eda personal, que por distintas razones tengan dificultad para la integraci\u00f3n familiar normalizada. Funciona en r\u00e9gimen de internado y cuenta con un total de 24 plazas ocupadas para personas con discapacidad intelectual y\/o f\u00edsica., teniendo una capacidad m\u00e1xima de 24 plazas. Las usuarias del servicio de Residencia est\u00e1n distribuidas en 2 grupos, con sus respectivas programaciones individuales y grupales. La atenci\u00f3n que necesitan se desarrolla a lo largo del d\u00eda en sus diferentes facetas excepto en horas de Centro Ocupacional, aunque en todo momento existe una total sincronizaci\u00f3n entre los objetivos marcados en Residencia y Centro Ocupacional.<\/p>\n<p>&nbsp;<\/p>\n<h2>RESIDENCIA DE APOYO EXTENSO &#8211; RAE-<\/h2>\n<p>Es un centro dedicado a la atenci\u00f3n y asistencia integral de aquellas personas con discapacidad y necesidades de apoyo extenso o generalizado, que no pueden acudir a otros centros, siempre que precisen de la ayuda de otras personas para la realizaci\u00f3n de las Actividades de la Vida Diaria (A.V.D.) y que no puedan ser atendidas en su medio familiar, prestando al mismo tiempo tratamientos especializados para desarrollar al m\u00e1ximo sus potencialidades y evitar hasta donde sea posible su deterioro o involuci\u00f3n. Las edades de las usuarias de este servicio alcanzan los 80 a\u00f1os, dadas las mejoras en atenci\u00f3n sanitaria, asistencial, emocional., lo que nos convierte en un centro con una enorme experiencia en la atenci\u00f3n integral de personas con discapacidad en proceso o etapa de envejecimiento. Funciona en r\u00e9gimen de internado y cuenta con un total de 46 plazas ocupadas para personas con discapacidad intelectual y\/o f\u00edsica., teniendo una capacidad m\u00e1xima de 47 plazas.<\/p>\n<p>&nbsp;<\/p>\n<h2>CENTRO OCUPACIONAL \u00abMAR\u00cdA GRAGERA VARGAS Z\u00da\u00d1IGA\u00bb<\/h2>\n<p><img decoding=\"async\" loading=\"lazy\" class=\"aligncenter size-full wp-image-60\" src=\"http:\/\/s331590279.mialojamiento.es\/laprovidencia\/wp-content\/uploads\/2017\/04\/centroocupacional.jpg\" alt=\"\" width=\"622\" height=\"386\" srcset=\"https:\/\/hnlaprovidencia.es\/wp-content\/uploads\/2017\/04\/centroocupacional.jpg 622w, https:\/\/hnlaprovidencia.es\/wp-content\/uploads\/2017\/04\/centroocupacional-300x186.jpg 300w\" sizes=\"(max-width: 622px) 100vw, 622px\" \/><\/p>\n<p>El Servicio de Centro Ocupacional \u00abMar\u00eda Grajera Vargas Z\u00fa\u00f1iga\u00bb, se encuentra acreditado seg\u00fan normativa MADEX desde septiembre de 2012 es un servicio alternativo y\/o previo a la actividad productiva, que a la vez que proporciona una actividad \u00fatil, tiene como finalidad principal la normalizaci\u00f3n e integraci\u00f3n socio-laboral de personas con discapacidad intelectual, mediante programas formativos, de habilitaci\u00f3n ocupacional y de ajuste personal y social (servicio de desarrollo y mejora de habilidades adaptativas), entre otros buscando el desarrollo de la autonom\u00eda personal y la adaptaci\u00f3n social de las personas usuarias del mismo. Con un total de 22 plazas ocupadas para personas con discapacidad intelectual y\/o f\u00edsica, teniendo una capacidad m\u00e1xima de 25 plazas.<\/p>\n<p>&nbsp;<\/p>\n","protected":false},"excerpt":{"rendered":"<p>RESIDENCIA DE APOYO LIMITADO -RAL- Es un servicio destinado a la atenci\u00f3n de personas con discapacidad con necesidades de apoyo intermitente o limitado, y con cierta autonom\u00eda personal, que por distintas razones tengan dificultad para la integraci\u00f3n familiar normalizada. Funciona en r\u00e9gimen de internado y cuenta con un total de 24 plazas ocupadas para personas <a href=\"https:\/\/hnlaprovidencia.es\/?page_id=14\" rel=\"nofollow\"><span class=\"sr-only\">Leer m\u00e1sServicios<\/span>[&#8230;]<\/a><\/p>\n","protected":false},"author":6,"featured_media":0,"parent":0,"menu_order":0,"comment_status":"closed","ping_status":"closed","template":"template-fullwidth.php","meta":[],"yoast_head":"<!-- This site is optimized with the Yoast SEO plugin v19.11 - https:\/\/yoast.com\/wordpress\/plugins\/seo\/ -->\n<title>Servicios - HN - La Providencia<\/title>\n<meta name=\"robots\" content=\"index, follow, max-snippet:-1, max-image-preview:large, max-video-preview:-1\" \/>\n<link rel=\"canonical\" href=\"https:\/\/hnlaprovidencia.es\/?page_id=14\" \/>\n<meta property=\"og:locale\" content=\"es_ES\" \/>\n<meta property=\"og:type\" content=\"article\" \/>\n<meta property=\"og:title\" content=\"Servicios - HN - La Providencia\" \/>\n<meta property=\"og:description\" content=\"RESIDENCIA DE APOYO LIMITADO -RAL- Es un servicio destinado a la atenci\u00f3n de personas con discapacidad con necesidades de apoyo intermitente o limitado, y con cierta autonom\u00eda personal, que por distintas razones tengan dificultad para la integraci\u00f3n familiar normalizada. Funciona en r\u00e9gimen de internado y cuenta con un total de 24 plazas ocupadas para personas Leer m\u00e1sServicios[...]\" \/>\n<meta property=\"og:url\" content=\"https:\/\/hnlaprovidencia.es\/?page_id=14\" \/>\n<meta property=\"og:site_name\" content=\"HN - La Providencia\" \/>\n<meta property=\"article:modified_time\" content=\"2017-04-19T08:29:11+00:00\" \/>\n<meta property=\"og:image\" content=\"http:\/\/s331590279.mialojamiento.es\/laprovidencia\/wp-content\/uploads\/2017\/04\/centroocupacional.jpg\" \/>\n<meta name=\"twitter:card\" content=\"summary_large_image\" \/>\n<meta name=\"twitter:label1\" content=\"Tiempo de lectura\" \/>\n\t<meta name=\"twitter:data1\" content=\"2 minutos\" \/>\n<script type=\"application\/ld+json\" class=\"yoast-schema-graph\">{\"@context\":\"https:\/\/schema.org\",\"@graph\":[{\"@type\":\"WebPage\",\"@id\":\"https:\/\/hnlaprovidencia.es\/?page_id=14\",\"url\":\"https:\/\/hnlaprovidencia.es\/?page_id=14\",\"name\":\"Servicios - HN - La Providencia\",\"isPartOf\":{\"@id\":\"https:\/\/hnlaprovidencia.es\/#website\"},\"datePublished\":\"2017-04-06T08:59:07+00:00\",\"dateModified\":\"2017-04-19T08:29:11+00:00\",\"breadcrumb\":{\"@id\":\"https:\/\/hnlaprovidencia.es\/?page_id=14#breadcrumb\"},\"inLanguage\":\"es\",\"potentialAction\":[{\"@type\":\"ReadAction\",\"target\":[\"https:\/\/hnlaprovidencia.es\/?page_id=14\"]}]},{\"@type\":\"BreadcrumbList\",\"@id\":\"https:\/\/hnlaprovidencia.es\/?page_id=14#breadcrumb\",\"itemListElement\":[{\"@type\":\"ListItem\",\"position\":1,\"name\":\"Portada\",\"item\":\"https:\/\/hnlaprovidencia.es\/\"},{\"@type\":\"ListItem\",\"position\":2,\"name\":\"Servicios\"}]},{\"@type\":\"WebSite\",\"@id\":\"https:\/\/hnlaprovidencia.es\/#website\",\"url\":\"https:\/\/hnlaprovidencia.es\/\",\"name\":\"HN - La Providencia\",\"description\":\"I.S. Hogar de Nazaret\",\"potentialAction\":[{\"@type\":\"SearchAction\",\"target\":{\"@type\":\"EntryPoint\",\"urlTemplate\":\"https:\/\/hnlaprovidencia.es\/?s={search_term_string}\"},\"query-input\":\"required name=search_term_string\"}],\"inLanguage\":\"es\"}]}<\/script>\n<!-- \/ Yoast SEO plugin. -->","yoast_head_json":{"title":"Servicios - HN - La Providencia","robots":{"index":"index","follow":"follow","max-snippet":"max-snippet:-1","max-image-preview":"max-image-preview:large","max-video-preview":"max-video-preview:-1"},"canonical":"https:\/\/hnlaprovidencia.es\/?page_id=14","og_locale":"es_ES","og_type":"article","og_title":"Servicios - HN - La Providencia","og_description":"RESIDENCIA DE APOYO LIMITADO -RAL- Es un servicio destinado a la atenci\u00f3n de personas con discapacidad con necesidades de apoyo intermitente o limitado, y con cierta autonom\u00eda personal, que por distintas razones tengan dificultad para la integraci\u00f3n familiar normalizada. Funciona en r\u00e9gimen de internado y cuenta con un total de 24 plazas ocupadas para personas Leer m\u00e1sServicios[...]","og_url":"https:\/\/hnlaprovidencia.es\/?page_id=14","og_site_name":"HN - La Providencia","article_modified_time":"2017-04-19T08:29:11+00:00","og_image":[{"url":"http:\/\/s331590279.mialojamiento.es\/laprovidencia\/wp-content\/uploads\/2017\/04\/centroocupacional.jpg"}],"twitter_card":"summary_large_image","twitter_misc":{"Tiempo de lectura":"2 minutos"},"schema":{"@context":"https:\/\/schema.org","@graph":[{"@type":"WebPage","@id":"https:\/\/hnlaprovidencia.es\/?page_id=14","url":"https:\/\/hnlaprovidencia.es\/?page_id=14","name":"Servicios - HN - La Providencia","isPartOf":{"@id":"https:\/\/hnlaprovidencia.es\/#website"},"datePublished":"2017-04-06T08:59:07+00:00","dateModified":"2017-04-19T08:29:11+00:00","breadcrumb":{"@id":"https:\/\/hnlaprovidencia.es\/?page_id=14#breadcrumb"},"inLanguage":"es","potentialAction":[{"@type":"ReadAction","target":["https:\/\/hnlaprovidencia.es\/?page_id=14"]}]},{"@type":"BreadcrumbList","@id":"https:\/\/hnlaprovidencia.es\/?page_id=14#breadcrumb","itemListElement":[{"@type":"ListItem","position":1,"name":"Portada","item":"https:\/\/hnlaprovidencia.es\/"},{"@type":"ListItem","position":2,"name":"Servicios"}]},{"@type":"WebSite","@id":"https:\/\/hnlaprovidencia.es\/#website","url":"https:\/\/hnlaprovidencia.es\/","name":"HN - La Providencia","description":"I.S. Hogar de Nazaret","potentialAction":[{"@type":"SearchAction","target":{"@type":"EntryPoint","urlTemplate":"https:\/\/hnlaprovidencia.es\/?s={search_term_string}"},"query-input":"required name=search_term_string"}],"inLanguage":"es"}]}},"_links":{"self":[{"href":"https:\/\/hnlaprovidencia.es\/index.php?rest_route=\/wp\/v2\/pages\/14"}],"collection":[{"href":"https:\/\/hnlaprovidencia.es\/index.php?rest_route=\/wp\/v2\/pages"}],"about":[{"href":"https:\/\/hnlaprovidencia.es\/index.php?rest_route=\/wp\/v2\/types\/page"}],"author":[{"embeddable":true,"href":"https:\/\/hnlaprovidencia.es\/index.php?rest_route=\/wp\/v2\/users\/6"}],"replies":[{"embeddable":true,"href":"https:\/\/hnlaprovidencia.es\/index.php?rest_route=%2Fwp%2Fv2%2Fcomments&post=14"}],"version-history":[{"count":3,"href":"https:\/\/hnlaprovidencia.es\/index.php?rest_route=\/wp\/v2\/pages\/14\/revisions"}],"predecessor-version":[{"id":61,"href":"https:\/\/hnlaprovidencia.es\/index.php?rest_route=\/wp\/v2\/pages\/14\/revisions\/61"}],"wp:attachment":[{"href":"https:\/\/hnlaprovidencia.es\/index.php?rest_route=%2Fwp%2Fv2%2Fmedia&parent=14"}],"curies":[{"name":"wp","href":"https:\/\/api.w.org\/{rel}","templated":true}]}}